{"id":800,"date":"2025-08-23T08:21:20","date_gmt":"2025-08-23T08:21:20","guid":{"rendered":"https:\/\/drozlemoymak.com\/disclaimer-of-liability\/"},"modified":"2025-08-24T11:28:56","modified_gmt":"2025-08-24T11:28:56","slug":"disclaimer-of-liability","status":"publish","type":"page","link":"https:\/\/drozlemoymak.com\/en\/disclaimer-of-liability\/","title":{"rendered":"Disclaimer of Liability"},"content":{"rendered":"\n<p>All content on this website has been prepared for <strong>informational and promotional<\/strong> purposes only.<\/p>\n\n<ul class=\"wp-block-list\">\n<li>The information herein does not constitute medical advice, diagnosis or treatment.<\/li>\n\n\n\n<li>You should always consult a specialist for health problems.<\/li>\n\n\n\n<li>The information and images on our website are for general informational purposes only; they are not a substitute for advice regarding your personal health condition.<\/li>\n\n\n\n<li>Any responsibility that may arise from the use of the information obtained through the Site belongs to the user.<\/li>\n<\/ul>\n\n<p>\ud83d\udccd Contact:<br\/>Addrees: Bar\u0131\u015f Mahallesi, S\u00fcmer Sokak, Bina No:2, Ac\u0131badem Hastanesi Yan\u0131 Yalva\u00e7 Eczanesi \u00dcst\u00fc, Kat:7, No:21, 16110 Nil\u00fcfer\/Bursa<br\/>Phone : 0532 363 30 92<\/p>\n","protected":false},"excerpt":{"rendered":"<p>All content on this website has been prepared for informational and promotional purposes only. \ud83d\udccd Contact:Addrees: Bar\u0131\u015f Mahallesi, S\u00fcmer Sokak, Bina No:2, Ac\u0131badem Hastanesi Yan\u0131 Yalva\u00e7 Eczanesi \u00dcst\u00fc, Kat:7, No:21, 16110 Nil\u00fcfer\/BursaPhone : 0532 363 30 92<\/p>\n","protected":false},"author":1,"featured_media":0,"parent":0,"menu_order":0,"comment_status":"closed","ping_status":"closed","template":"","meta":{"footnotes":""},"class_list":["post-800","page","type-page","status-publish","hentry"],"_links":{"self":[{"href":"https:\/\/drozlemoymak.com\/en\/wp-json\/wp\/v2\/pages\/800","targetHints":{"allow":["GET"]}}],"collection":[{"href":"https:\/\/drozlemoymak.com\/en\/wp-json\/wp\/v2\/pages"}],"about":[{"href":"https:\/\/drozlemoymak.com\/en\/wp-json\/wp\/v2\/types\/page"}],"author":[{"embeddable":true,"href":"https:\/\/drozlemoymak.com\/en\/wp-json\/wp\/v2\/users\/1"}],"replies":[{"embeddable":true,"href":"https:\/\/drozlemoymak.com\/en\/wp-json\/wp\/v2\/comments?post=800"}],"version-history":[{"count":1,"href":"https:\/\/drozlemoymak.com\/en\/wp-json\/wp\/v2\/pages\/800\/revisions"}],"predecessor-version":[{"id":801,"href":"https:\/\/drozlemoymak.com\/en\/wp-json\/wp\/v2\/pages\/800\/revisions\/801"}],"wp:attachment":[{"href":"https:\/\/drozlemoymak.com\/en\/wp-json\/wp\/v2\/media?parent=800"}],"curies":[{"name":"wp","href":"https:\/\/api.w.org\/{rel}","templated":true}]}}