{"id":813,"date":"2025-08-23T08:19:32","date_gmt":"2025-08-23T08:19:32","guid":{"rendered":"https:\/\/drozlemoymak.com\/privacy-notice\/"},"modified":"2025-08-24T13:00:53","modified_gmt":"2025-08-24T13:00:53","slug":"privacy-notice","status":"publish","type":"page","link":"https:\/\/drozlemoymak.com\/en\/privacy-notice\/","title":{"rendered":"Privacy Notice"},"content":{"rendered":"\n<p><strong>As Dr. \u00d6zlem Oymak Clinic<\/strong>, we attach great importance to the confidentiality of your patient information. All personal data you share when you visit our website or contact us will be used only within the framework of the relevant legislation and for the purpose of providing you with better service. <\/p>\n\n<ul class=\"wp-block-list\">\n<li><strong>Use of Personal Data<\/strong>: Your information such as name, surname, phone number, e-mail address will only be used for the purpose of creating appointments, providing information and communication.<\/li>\n\n\n\n<li><strong>Sharing with Third Parties<\/strong>: Your information will not be shared with third parties in any way, it may only be shared with official institutions in case of legal obligation.<\/li>\n\n\n\n<li><strong>Data Security:<\/strong> Your personal data is stored in secure systems and protected against unauthorized access.<\/li>\n<\/ul>\n\n<p>You can contact us if you have any questions:<br\/>\ud83d\udccd Addrees: Bar\u0131\u015f Mahallesi, S\u00fcmer Sokak, Bina No:2, Ac\u0131badem Hastanesi Yan\u0131 Yalva\u00e7 Eczanesi \u00dcst\u00fc, Kat:7, No:21, 16110 Nil\u00fcfer\/Bursa<br\/>\ud83d\udcde Phone: 0532 363 30 92<\/p>\n","protected":false},"excerpt":{"rendered":"<p>As Dr. \u00d6zlem Oymak Clinic, we attach great importance to the confidentiality of your patient information. All personal data you share when you visit our website or contact us will be used only within the framework of the relevant legislation and for the purpose of providing you with better service. You can contact us if you have any questions:\ud83d\udccd Addrees: Bar\u0131\u015f Mahallesi, S\u00fcmer Sokak, Bina No:2, Ac\u0131badem Hastanesi Yan\u0131 Yalva\u00e7 Eczanesi \u00dcst\u00fc, Kat:7, No:21, 16110 Nil\u00fcfer\/Bursa\ud83d\udcde Phone: 0532 363 30 92<\/p>\n","protected":false},"author":1,"featured_media":0,"parent":0,"menu_order":0,"comment_status":"closed","ping_status":"closed","template":"","meta":{"footnotes":""},"class_list":["post-813","page","type-page","status-publish","hentry"],"_links":{"self":[{"href":"https:\/\/drozlemoymak.com\/en\/wp-json\/wp\/v2\/pages\/813","targetHints":{"allow":["GET"]}}],"collection":[{"href":"https:\/\/drozlemoymak.com\/en\/wp-json\/wp\/v2\/pages"}],"about":[{"href":"https:\/\/drozlemoymak.com\/en\/wp-json\/wp\/v2\/types\/page"}],"author":[{"embeddable":true,"href":"https:\/\/drozlemoymak.com\/en\/wp-json\/wp\/v2\/users\/1"}],"replies":[{"embeddable":true,"href":"https:\/\/drozlemoymak.com\/en\/wp-json\/wp\/v2\/comments?post=813"}],"version-history":[{"count":1,"href":"https:\/\/drozlemoymak.com\/en\/wp-json\/wp\/v2\/pages\/813\/revisions"}],"predecessor-version":[{"id":814,"href":"https:\/\/drozlemoymak.com\/en\/wp-json\/wp\/v2\/pages\/813\/revisions\/814"}],"wp:attachment":[{"href":"https:\/\/drozlemoymak.com\/en\/wp-json\/wp\/v2\/media?parent=813"}],"curies":[{"name":"wp","href":"https:\/\/api.w.org\/{rel}","templated":true}]}}