{"id":823,"date":"2025-08-23T08:20:08","date_gmt":"2025-08-23T08:20:08","guid":{"rendered":"https:\/\/drozlemoymak.com\/imprint\/"},"modified":"2025-08-24T14:24:47","modified_gmt":"2025-08-24T14:24:47","slug":"imprint","status":"publish","type":"page","link":"https:\/\/drozlemoymak.com\/en\/imprint\/","title":{"rendered":"Imprint"},"content":{"rendered":"\n<p><strong>Site Owner:<\/strong> Op. Dr. \u00d6zlem Oymak<br\/><strong>Addrees:<\/strong> Bar\u0131\u015f Mahallesi, S\u00fcmer Sokak, Bina No:2, Ac\u0131badem Hastanesi Yan\u0131 Yalva\u00e7 Eczanesi \u00dcst\u00fc, Kat:7, No:21, 16110 Nil\u00fcfer\/Bursa<br\/><strong>Phone: <\/strong>0532 363 30 92<br\/><strong>Domain: <\/strong>[<a>www.drozlemoymak.com]<\/a> <\/p>\n\n<p>This website has been prepared to provide information about Dr. \u00d6zlem Oymak&#8217;s Clinic.<\/p>\n","protected":false},"excerpt":{"rendered":"<p>Site Owner: Op. Dr. \u00d6zlem OymakAddrees: Bar\u0131\u015f Mahallesi, S\u00fcmer Sokak, Bina No:2, Ac\u0131badem Hastanesi Yan\u0131 Yalva\u00e7 Eczanesi \u00dcst\u00fc, Kat:7, No:21, 16110 Nil\u00fcfer\/BursaPhone: 0532 363 30 92Domain: [www.drozlemoymak.com] This website has been prepared to provide information about Dr. \u00d6zlem Oymak&#8217;s Clinic.<\/p>\n","protected":false},"author":1,"featured_media":0,"parent":0,"menu_order":0,"comment_status":"closed","ping_status":"closed","template":"","meta":{"footnotes":""},"class_list":["post-823","page","type-page","status-publish","hentry"],"_links":{"self":[{"href":"https:\/\/drozlemoymak.com\/en\/wp-json\/wp\/v2\/pages\/823","targetHints":{"allow":["GET"]}}],"collection":[{"href":"https:\/\/drozlemoymak.com\/en\/wp-json\/wp\/v2\/pages"}],"about":[{"href":"https:\/\/drozlemoymak.com\/en\/wp-json\/wp\/v2\/types\/page"}],"author":[{"embeddable":true,"href":"https:\/\/drozlemoymak.com\/en\/wp-json\/wp\/v2\/users\/1"}],"replies":[{"embeddable":true,"href":"https:\/\/drozlemoymak.com\/en\/wp-json\/wp\/v2\/comments?post=823"}],"version-history":[{"count":1,"href":"https:\/\/drozlemoymak.com\/en\/wp-json\/wp\/v2\/pages\/823\/revisions"}],"predecessor-version":[{"id":824,"href":"https:\/\/drozlemoymak.com\/en\/wp-json\/wp\/v2\/pages\/823\/revisions\/824"}],"wp:attachment":[{"href":"https:\/\/drozlemoymak.com\/en\/wp-json\/wp\/v2\/media?parent=823"}],"curies":[{"name":"wp","href":"https:\/\/api.w.org\/{rel}","templated":true}]}}