{"id":868,"date":"2025-08-23T08:23:01","date_gmt":"2025-08-23T08:23:01","guid":{"rendered":"https:\/\/drozlemoymak.com\/lpdp\/"},"modified":"2025-08-24T15:57:44","modified_gmt":"2025-08-24T15:57:44","slug":"lpdp","status":"publish","type":"page","link":"https:\/\/drozlemoymak.com\/en\/lpdp\/","title":{"rendered":"LPDP"},"content":{"rendered":"\n<p><strong>K\u0130\u015e\u0130SEL VER\u0130LER\u0130N KORUNMASI HASTA AYDINLATMA METN\u0130<\/strong><\/p>\n\n<p>\u0130\u015f bu Ayd\u0131nlatma metni Veri Sorumlusu <strong>Op. Dr. \u00d6ZLEM OYMAK <\/strong> (\u201cVeri Sorumlusu\u201d) taraf\u0131ndan 6698 say\u0131l\u0131 Ki\u015fisel Verilerin Korunmas\u0131 Kanunu (\u201cKanun\u201d) uyar\u0131nca elde edilen ki\u015fisel verileriniz, ki\u015fisel verilerinizin i\u015flenme ama\u00e7lar\u0131, toplanma y\u00f6ntemleri ile hukuki sebepleri, ki\u015fisel verilerinizin aktar\u0131lmas\u0131 ve Kanun kapsam\u0131nda sahip oldu\u011funuz haklar\u0131n\u0131z hakk\u0131nda bilgilendirmek amac\u0131yla haz\u0131rlanm\u0131\u015ft\u0131r. \u0130\u015fbu Ayd\u0131nlatma metninde yer almayan ki\u015fisel verilerinizin i\u015flenmesini gerektiren bir durumun ortaya \u00e7\u0131kmas\u0131 halinde taraf\u0131n\u0131za ayr\u0131ca bilgilendirme yap\u0131l\u0131p, ki\u015fisel verinizin i\u015flenmesi hususunda a\u00e7\u0131k r\u0131zan\u0131z talep edilecektir. <\/p>\n\n<p><strong>K\u0130\u015e\u0130SEL VER\u0130LER\u0130N\u0130Z<\/strong><\/p>\n\n<p>Veri sorumlusu olarak i\u015fbu Ayd\u0131nlatma Metninde yer alan i\u015fleme ama\u00e7lar\u0131 \u00e7er\u00e7evesinde a\u015fa\u011f\u0131da yer alan ki\u015fisel verilerinizi i\u015flemekteyiz.<\/p>\n\n<ul class=\"wp-block-list\">\n<li>Kimlik verileriniz: Ad\u0131n\u0131z soyad\u0131n\u0131z, T.C. kimlik numaran\u0131z, pasaport numaran\u0131z, do\u011fum yeriniz ve tarihiniz, Cinsiyetiniz, medeni durumunuz<\/li>\n\n\n\n<li>\u0130leti\u015fim verileriniz: Adresiniz, Telefon numaran\u0131z, E-posta adresiniz,<\/li>\n\n\n\n<li>Finansal verileriniz: \u00d6deme, fatura bilgileri, finansal bilgileriniz, \u00d6zel sa\u011fl\u0131k sigortas\u0131 ve Sosyal G\u00fcvenlik Kurumu bilgileriniz,<\/li>\n\n\n\n<li>Sa\u011fl\u0131k verileriniz: Laboratuvar ve g\u00f6r\u00fcnt\u00fcleme sonu\u00e7lar\u0131n\u0131z, Test, tahlil ve tetkik sonu\u00e7lar\u0131n\u0131z, Muayene verileriniz, kulland\u0131\u011f\u0131n\u0131z ila\u00e7lar, daha \u00f6nce ge\u00e7irdi\u011finiz ameliyatlar ve tedavi ge\u00e7mi\u015finiz, kronik hastal\u0131klar\u0131n\u0131z, re\u00e7ete bilgileriniz alerjileriniz ve hasta dosyas\u0131 kapsam\u0131nda yer alan sa\u011fl\u0131k verileriniz<\/li>\n\n\n\n<li>G\u00f6rsel ve i\u015fitsel verileriniz: foto\u011fraf, video vs. g\u00f6rsel ve i\u015fitsel kay\u0131tlar, g\u00fcvenlik kameras\u0131 kayd\u0131<\/li>\n\n\n\n<li>Gerekli olan durumlarda irtibat kurulacak hasta yak\u0131n\u0131 ad\u0131-soyad\u0131, T.C.. kimlik no, adres ve telefon bilgileri <\/li>\n\n\n\n<li>Seyahat verileri: Uluslararas\u0131 Sa\u011fl\u0131k turizmi kapsam\u0131nda U\u00e7u\u015f bilgisi, u\u00e7u\u015f kart\u0131, tur rotas\u0131, mil kart no, konaklama verileriniz, Vize bilgisi, pasaport fotokopisi\/taramas\u0131, pasaport numaran\u0131z<br \/>\u0130mza Verileriniz: Islak imza, e- imza verileriniz.<\/li>\n<\/ul>\n\n<p><strong>K\u0130\u015e\u0130SEL VER\u0130LER\u0130N\u0130Z\u0130N \u0130\u015eLENME AMA\u00c7LARI<\/strong><\/p>\n\n<p>Yukar\u0131da say\u0131lan ki\u015fisel verileriniz Veri sorumlusu taraf\u0131ndan a\u015fa\u011f\u0131da yer alan i\u015fleme ama\u00e7lar\u0131 kapsam\u0131nda i\u015flenmektedir.<\/p>\n\n<ol start=\"1\" class=\"wp-block-list\">\n<li>3359 say\u0131l\u0131 Sa\u011fl\u0131k Hizmetleri Temel Kanunu, 663 say\u0131l\u0131 Sa\u011fl\u0131k Bakanl\u0131\u011f\u0131 ve Ba\u011fl\u0131 Kurulu\u015flar\u0131n\u0131n Te\u015fkilat ve G\u00f6revleri Hakk\u0131nda Kanun H\u00fckm\u00fcnde Kararname, Ayakta Te\u015fhis Ve Tedavi Yap\u0131lan \u00d6zel Sa\u011fl\u0131k Kurulu\u015flar\u0131 Y\u00f6netmeli\u011fi,6698 say\u0131l\u0131 Ki\u015fisel Verilerin Korunmas\u0131 Kanunu, Ki\u015fisel Sa\u011fl\u0131k Verilerinin \u0130\u015flenmesi ve Mahremiyetinin Sa\u011flanmas\u0131 Hakk\u0131nda Y\u00f6netmelik ve ilgili mevzuatta yer alan hukuki y\u00fck\u00fcml\u00fcl\u00fcklerimizin yerine getirilmesi,<\/li>\n\n\n\n<li>Kamu sa\u011fl\u0131\u011f\u0131n\u0131n korunmas\u0131, koruyucu hekimlik, t\u0131bb\u00ee te\u015fhis, tedavi ve bak\u0131m hizmetlerinin y\u00fcr\u00fct\u00fclmesi,<\/li>\n\n\n\n<li>sa\u011fl\u0131k hizmetleri ile finansman\u0131n\u0131n planlanmas\u0131 ve y\u00f6netiminin sa\u011flanmas\u0131,<\/li>\n\n\n\n<li>Randevu ald\u0131\u011f\u0131n\u0131 takdirde size randevunuza ili\u015fkin bilgi sa\u011flanmas\u0131,<\/li>\n\n\n\n<li>Muayenehane\u2019nin i\u00e7 i\u015fleyi\u015fini planlanma ve y\u00f6netme s\u00fcre\u00e7lerinin yerine getirilmesi,<\/li>\n\n\n\n<li>Hizmetlerimizi geli\u015ftirmek amac\u0131yla analiz yap\u0131lmas\u0131,<\/li>\n\n\n\n<li>Faturaland\u0131rma yap\u0131lmas\u0131,<\/li>\n\n\n\n<li>Kimli\u011finizin do\u011frulanmas\u0131,<\/li>\n\n\n\n<li>Muayenehanenin g\u00fcvenli\u011finin sa\u011flanmas\u0131<\/li>\n\n\n\n<li>Anla\u015fmal\u0131 kurumlar (Sigortalar, SGK vd.) ile ili\u015fkinizin do\u011frulanmas\u0131,<\/li>\n\n\n\n<li>Yasal mevzuat uyar\u0131nca Sa\u011fl\u0131k Bakanl\u0131\u011f\u0131 ve di\u011fer kamu kurum ve kurulu\u015flar\u0131n\u0131n ve gerekli durumlarda kolluk kuvvetleri ile adli makamlar\u0131n taleplerine yan\u0131t ve bilgi verilmesi,<\/li>\n\n\n\n<li>Hizmetlerimize ili\u015fkin soru veya \u015fikayetlerinize yan\u0131t verilmesi,<\/li>\n\n\n\n<li>Sundu\u011fumuz hizmetlerin geli\u015ftirilmesi amac\u0131yla sa\u011fl\u0131k hizmetleri kullan\u0131m\u0131n\u0131z\u0131n analiz edilmesi,<\/li>\n\n\n\n<li>Yap\u0131lacak i\u015flem \u00f6ncesi ve i\u015flemin yap\u0131lmas\u0131 sonras\u0131 durumlar\u0131nda ayr\u0131ca ayd\u0131nlat\u0131lm\u0131\u015f a\u00e7\u0131k r\u0131zan\u0131z\u0131n al\u0131nmas\u0131 halinde yap\u0131lan t\u0131bbi i\u015flemlere dair g\u00f6rsel kay\u0131tlar\u0131n\u0131z\u0131n (foto\u011fraf, video) t\u0131bbi tedavi s\u00fcrecinin g\u00f6sterilmesi amac\u0131yla yurti\u00e7i\/yurt d\u0131\u015f\u0131 platformlarda, internet sitemiz ve\/veya sosyal medya hesaplar\u0131m\u0131zda payla\u015f\u0131lmas\u0131<\/li>\n\n\n\n<li>Muayenehanenin i\u00e7 politika ve prensiplerine uyum sa\u011flanmas\u0131,<\/li>\n\n\n\n<li>Sa\u011fl\u0131k hizmetleri alman\u0131z\u0131 takiben hasta memnuniyetinin \u00f6l\u00e7\u00fclmesi ve hasta memnuniyetinin art\u0131r\u0131lmas\u0131,<\/li>\n\n\n\n<li>\u0130la\u00e7, t\u0131bbi te\u00e7hizat veya t\u0131bbi cihaz temin edilmesi,<\/li>\n\n\n\n<li>Yeni tedavi y\u00f6ntemleri hakk\u0131nda taraf\u0131n\u0131za bilgi verilmesi,<\/li>\n\n\n\n<li>Kurumsal ileti\u015fim faaliyetlerinin planlanmas\u0131 ve icras\u0131,<\/li>\n\n\n\n<li>Mevzuat, ilgili d\u00fczenleyici kurumlar ve di\u011fer otoritelerce \u00f6ng\u00f6r\u00fclen di\u011fer bilgi saklama, raporlama, bilgilendirme y\u00fck\u00fcml\u00fcl\u00fcklerine uyulmas\u0131,<\/li>\n\n\n\n<li>Hasta ve hasta yak\u0131nlar\u0131 ile ileti\u015fimin sa\u011flanmas\u0131,<\/li>\n\n\n\n<li>Acil durumlarda ilgili ki\u015filerle ileti\u015fim sa\u011flanmas\u0131,<\/li>\n<\/ol>\n\n<p><strong>K\u0130\u015e\u0130SEL VER\u0130LER\u0130N\u0130Z\u0130N TOPLANMA Y\u00d6NTEM\u0130 VE HUKUK\u0130 SEBEB\u0130 VE SAKLANMA S\u00dcRES\u0130<\/strong><\/p>\n\n<p>\u0130\u015fbu Ayd\u0131nlatma Metninde yer alan ki\u015fisel verileriniz yukar\u0131da say\u0131lan i\u015fleme ama\u00e7lar\u0131n\u0131n ger\u00e7ekle\u015ftirilebilmesi kapsam\u0131nda; otomatik\/otomatik olmayan yollarla; kamera g\u00f6r\u00fcnt\u00fcleri, telefon kay\u0131tlar\u0131, ba\u015fvuru formlar\u0131, muayene, randevu ve tedavi esnas\u0131nda taraf\u0131m\u0131za \u015fahsen iletti\u011finiz bilgiler ile tedavi i\u00e7in yap\u0131lan testler, tahliller, laboratuvar ve g\u00f6r\u00fcnt\u00fcleme sonu\u00e7lar\u0131 ile kamu kurum ve kurulu\u015flar\u0131ndan gelen bilgiler vas\u0131tas\u0131yla toplanmaktad\u0131r.<\/p>\n\n<p>Ki\u015fisel verileriniz; a\u00e7\u0131k r\u0131zan\u0131z\u0131n al\u0131nmas\u0131 halinde i\u015fbu Ayd\u0131nlatma Metninde belirtilen ama\u00e7lar kapsam\u0131nda, a\u00e7\u0131k r\u0131zan\u0131n bulunmad\u0131\u011f\u0131 hallerde; mevzuatta a\u00e7\u0131k\u00e7a saklanmas\u0131n\u0131n \u00f6ng\u00f6r\u00fclmesi, s\u00f6zle\u015fmelerin kurulmas\u0131 ve ifas\u0131 ile do\u011frudan ilgili olmas\u0131, bir hakk\u0131n tesisi, kullan\u0131lmas\u0131 ve korunmas\u0131, temel hak ve \u00f6zg\u00fcrl\u00fcklerinize zarar vermemek kayd\u0131yla Veri Sorumlusu\u2019nun me\u015fru menfaatleri i\u00e7in saklanmas\u0131n\u0131n zorunlu olmas\u0131 veya ilgili yasal mevzuat uyar\u0131nca hukuki y\u00fck\u00fcml\u00fcl\u00fcklerin yerine getirmesi i\u00e7in gerekli olmas\u0131, kamu sa\u011fl\u0131\u011f\u0131n\u0131n korunmas\u0131, koruyucu hekimlik, t\u0131bb\u00ee te\u015fhis, tedavi ve bak\u0131m hizmetlerinin y\u00fcr\u00fct\u00fclmesi, sa\u011fl\u0131k hizmetleri ile finansman\u0131n\u0131n planlanmas\u0131 ve y\u00f6netimi hukuki sebeplerine dayal\u0131 olarak i\u015flenmektedir.<\/p>\n\n<p>Ki\u015fisel verileriniz tedaviniz devam etti\u011fi s\u00fcrece ve ilgili yasal mevzuatta yer alan saklama s\u00fcreleri ve zamana\u015f\u0131m\u0131 s\u00fcrelerinin sona erme halleri nazara al\u0131narak tedavinizin sona ermesi tarihinden itibaren 10 y\u0131l s\u00fcre ile saklanmaktad\u0131r.<\/p>\n\n<p><strong>K\u0130\u015e\u0130SEL VER\u0130LER\u0130N\u0130Z\u0130N AKTARILMASI<\/strong><\/p>\n\n<p>Kanun ve ilgili sa\u011fl\u0131k mevzuat\u0131 uyar\u0131nca uygun g\u00fcvenlik d\u00fczeyini temin etmeye y\u00f6nelik gerekli her t\u00fcrl\u00fc teknik ve idari tedbir al\u0131narak, i\u015fbu Ayd\u0131nlatma Metninde say\u0131lan ki\u015fisel verileriniz; \u00f6zel sigorta \u015firketleri, SGK, hukuki i\u015flerin takibi amac\u0131yla avukatlar veya avukatl\u0131k ortakl\u0131klar\u0131, finans ve muhasebe i\u015flemlerinin y\u00fcr\u00fct\u00fclmesi amac\u0131yla mali m\u00fc\u015favirler, Muayenehane taraf\u0131ndan ger\u00e7ekle\u015ftirilen t\u0131bbi, finansal, sosyal medya ve tan\u0131t\u0131m vb. faaliyetlerimizi y\u00fcr\u00fctmek \u00fczere s\u00f6zle\u015fme ili\u015fkisi i\u00e7inde oldu\u011fumuz, yard\u0131k\/destek\/dan\u0131\u015fmanl\u0131k hizmetleri ald\u0131\u011f\u0131m\u0131z yurti\u00e7i veya yurtd\u0131\u015f\u0131 kurulu\u015flar\/dan\u0131\u015fmanlar\/ i\u015f ortaklar\u0131 \/i\u015fbirlik\u00e7iler \/tedarik\u00e7ilere Kanunu\u2019nun 8. ve 9. maddelerinde belirtilen ki\u015fisel veri i\u015fleme \u015fartlar\u0131 ve ama\u00e7lar\u0131 \u00e7er\u00e7evesinde aktar\u0131labilecektir.   <\/p>\n\n<p><strong>KANUN UYARINCA HAKLARINIZ VE VER\u0130 SORUMLUSUNA BA\u015eVURU<\/strong><\/p>\n\n<p> 6698 Say\u0131l\u0131 Kanun\u2019un 11. Maddesi uyar\u0131nca; <\/p>\n\n<ul class=\"wp-block-list\">\n<li>Ki\u015fisel veri i\u015flenip i\u015flenmedi\u011fini \u00f6\u011frenme,<\/li>\n\n\n\n<li>Ki\u015fisel verileri i\u015flenmi\u015fse buna ili\u015fkin bilgi talep etme,<\/li>\n\n\n\n<li>Ki\u015fisel verilerin i\u015flenme amac\u0131n\u0131 ve bunlar\u0131n amac\u0131na uygun kullan\u0131l\u0131p kullan\u0131lmad\u0131\u011f\u0131n\u0131 \u00f6\u011frenme,<\/li>\n\n\n\n<li>Yurt i\u00e7inde veya yurt d\u0131\u015f\u0131nda ki\u015fisel verilerin aktar\u0131ld\u0131\u011f\u0131 \u00fc\u00e7\u00fcnc\u00fc ki\u015fileri \u00f6\u011frenme,<\/li>\n\n\n\n<li>Ki\u015fisel verilerin eksik veya yanl\u0131\u015f i\u015flenmi\u015f olmas\u0131 h\u00e2linde bunlar\u0131n d\u00fczeltilmesini isteme,<\/li>\n\n\n\n<li>6698 Say\u0131l\u0131 Kanun\u2019un 7. Maddesinde \u00f6ng\u00f6r\u00fclen \u015fartlar \u00e7er\u00e7evesinde ki\u015fisel verilerin silinmesini veya yok edilmesini ve bu kapsamda yap\u0131lan i\u015flemlerin, ki\u015fisel verilerin aktar\u0131ld\u0131\u011f\u0131 \u00fc\u00e7\u00fcnc\u00fc ki\u015filere bildirilmesini isteme, <\/li>\n\n\n\n<li>\u0130\u015flenen verilerin m\u00fcnhas\u0131ran otomatik sistemler vas\u0131tas\u0131yla analiz edilmesi suretiyle ki\u015finin kendisi aleyhine bir sonucun ortaya \u00e7\u0131kmas\u0131na itiraz etme<sup>,<\/sup><\/li>\n\n\n\n<li>Ki\u015fisel verilerin kanuna ayk\u0131r\u0131 olarak i\u015flenmesi sebebiyle zarara u\u011framas\u0131 h\u00e2linde zarar\u0131n giderilmesini talep etme haklar\u0131na sahipsiniz.<\/li>\n<\/ul>\n\n<p>Yukar\u0131da s\u0131ralanan haklar\u0131n\u0131za y\u00f6nelik ba\u015fvurular\u0131n\u0131z\u0131; <strong>05323633092 nolu telefondan arayarak veya<\/strong> <strong>ozlemoymak@hotmail.com<\/strong> adresine g\u00fcvenli elektronik ya da mobil imzal\u0131 olarak, kay\u0131tl\u0131 elektronik posta adresi veya sistemimizde kay\u0131tl\u0131 olan elektronik posta adresiniz arac\u0131l\u0131\u011f\u0131yla iletebilirsiniz.<\/p>\n\n<p><strong><u>ONAY:<\/u><\/strong><\/p>\n\n<p>Kanun\u2019un \u201cVeri Sorumlusunun Ayd\u0131nlatma Y\u00fck\u00fcml\u00fcl\u00fc\u011f\u00fc\u201d ba\u015fl\u0131kl\u0131 10. maddesi gere\u011fince ki\u015fisel verilerimin kim taraf\u0131ndan, hangi ama\u00e7la i\u015flenece\u011fi, i\u015flenen ki\u015fisel verilerin kimlere ve hangi ama\u00e7la aktar\u0131labilece\u011fi, ki\u015fisel veri toplaman\u0131n y\u00f6ntemi ve hukuki sebebi ve Kanun\u2019un 11. maddesinde yer alan haklar\u0131m konusunda haz\u0131rlanan i\u015fbu Ayd\u0131nlatma Metnini okudum, anlad\u0131m ve veri sorumlusu s\u0131fat\u0131na sahip Op. Dr. \u00d6zlem Oymak Ay veya bu hususta yetkilendirilen ki\u015fi\/ki\u015filer taraf\u0131ndan \u0130\u015fbu Ayd\u0131nlatma Metninde bahsi ge\u00e7en hu\u015fularda detayl\u0131 olarak bilgilendirildim. \u0130\u015fbu Ayd\u0131nlatma Metninde yer alan hususlar\u0131 anlad\u0131m ve bunlara muvafakat ediyorum.    <\/p>\n\n<p><strong><u>Tarih <\/u><\/strong>:<\/p>\n\n<p><strong><u>Hastan\u0131n Ad\u0131-Soyad\u0131 <\/u><\/strong><strong>: <\/strong> <\/p>\n\n<p><strong><u>TC Kimlik No <\/u><\/strong><strong>: <\/strong> <\/p>\n\n<p><strong><u>\u0130mza <\/u><\/strong><strong>: <\/strong> <\/p>\n\n<p><strong>Hasta Yak\u0131n\u0131 \/ Velisi \/ Vasisi;<\/strong><\/p>\n\n<p><strong><u>Ad\u0131-Soyad\u0131 :<\/u><\/strong><\/p>\n\n<p><strong><u>TC Kimlik No :<\/u><\/strong><\/p>\n\n<p><strong><u>\u0130mza :<\/u><\/strong><\/p>\n","protected":false},"excerpt":{"rendered":"<p>K\u0130\u015e\u0130SEL VER\u0130LER\u0130N KORUNMASI HASTA AYDINLATMA METN\u0130 \u0130\u015f bu Ayd\u0131nlatma metni Veri Sorumlusu Op. Dr. \u00d6ZLEM OYMAK (\u201cVeri Sorumlusu\u201d) taraf\u0131ndan 6698 say\u0131l\u0131 Ki\u015fisel Verilerin Korunmas\u0131 Kanunu (\u201cKanun\u201d) uyar\u0131nca elde edilen ki\u015fisel verileriniz, ki\u015fisel verilerinizin i\u015flenme ama\u00e7lar\u0131, toplanma y\u00f6ntemleri ile hukuki sebepleri, ki\u015fisel verilerinizin aktar\u0131lmas\u0131 ve Kanun kapsam\u0131nda sahip oldu\u011funuz haklar\u0131n\u0131z hakk\u0131nda bilgilendirmek amac\u0131yla haz\u0131rlanm\u0131\u015ft\u0131r. \u0130\u015fbu Ayd\u0131nlatma metninde yer almayan ki\u015fisel verilerinizin i\u015flenmesini gerektiren bir durumun ortaya \u00e7\u0131kmas\u0131 halinde taraf\u0131n\u0131za ayr\u0131ca bilgilendirme yap\u0131l\u0131p, ki\u015fisel verinizin i\u015flenmesi hususunda a\u00e7\u0131k r\u0131zan\u0131z talep edilecektir. K\u0130\u015e\u0130SEL VER\u0130LER\u0130N\u0130Z Veri sorumlusu olarak i\u015fbu Ayd\u0131nlatma Metninde yer alan i\u015fleme ama\u00e7lar\u0131 \u00e7er\u00e7evesinde a\u015fa\u011f\u0131da yer alan ki\u015fisel verilerinizi i\u015flemekteyiz. K\u0130\u015e\u0130SEL VER\u0130LER\u0130N\u0130Z\u0130N<\/p>\n","protected":false},"author":1,"featured_media":0,"parent":0,"menu_order":0,"comment_status":"closed","ping_status":"closed","template":"","meta":{"footnotes":""},"class_list":["post-868","page","type-page","status-publish","hentry"],"_links":{"self":[{"href":"https:\/\/drozlemoymak.com\/en\/wp-json\/wp\/v2\/pages\/868","targetHints":{"allow":["GET"]}}],"collection":[{"href":"https:\/\/drozlemoymak.com\/en\/wp-json\/wp\/v2\/pages"}],"about":[{"href":"https:\/\/drozlemoymak.com\/en\/wp-json\/wp\/v2\/types\/page"}],"author":[{"embeddable":true,"href":"https:\/\/drozlemoymak.com\/en\/wp-json\/wp\/v2\/users\/1"}],"replies":[{"embeddable":true,"href":"https:\/\/drozlemoymak.com\/en\/wp-json\/wp\/v2\/comments?post=868"}],"version-history":[{"count":2,"href":"https:\/\/drozlemoymak.com\/en\/wp-json\/wp\/v2\/pages\/868\/revisions"}],"predecessor-version":[{"id":876,"href":"https:\/\/drozlemoymak.com\/en\/wp-json\/wp\/v2\/pages\/868\/revisions\/876"}],"wp:attachment":[{"href":"https:\/\/drozlemoymak.com\/en\/wp-json\/wp\/v2\/media?parent=868"}],"curies":[{"name":"wp","href":"https:\/\/api.w.org\/{rel}","templated":true}]}}